{"id":592,"date":"2013-09-04T10:43:43","date_gmt":"2013-09-04T08:43:43","guid":{"rendered":"http:\/\/www.roland.loc\/?page_id=592"},"modified":"2018-11-08T12:44:14","modified_gmt":"2018-11-08T11:44:14","slug":"ueber-uns","status":"publish","type":"page","link":"https:\/\/www.studiomusolff.de\/en\/ueber-uns\/","title":{"rendered":"Roland Musolff"},"content":{"rendered":"<p style=\"text-align: left;\"><a href=\"http:\/\/www.studiomusolff.de\/wp-content\/uploads\/2013\/09\/DSC52092.jpg\"><img loading=\"lazy\" decoding=\"async\" class=\"alignleft wp-image-287 \" style=\"margin-top: 10px; margin-bottom: 10px;\" src=\"http:\/\/www.studiomusolff.de\/wp-content\/uploads\/2013\/09\/DSC52092.jpg\" alt=\"\" width=\"495\" height=\"328\" srcset=\"https:\/\/www.studiomusolff.de\/wp-content\/uploads\/2013\/09\/DSC52092.jpg 900w, https:\/\/www.studiomusolff.de\/wp-content\/uploads\/2013\/09\/DSC52092-300x198.jpg 300w\" sizes=\"auto, (max-width: 495px) 100vw, 495px\" \/><\/a>Roland Musolff, geb. 1955, studierte Germanistik und Musikwissenschaft, bevor er viele Jahre als Editor, Tonmeister und Komponist in der Hamburger Dokumentarfilm- und Fernsehszene aktiv war und schlie\u00dflich 1997 sein eigenes Postproduktionsstudio gr\u00fcndete. Seit damals hat er \u00fcber 250 Dokumentarfilme und Fernsehdokumentationen von Schnitt bis Mischung fertiggestellt und f\u00fcr viele Filme den Soundtrack komponiert. Filme, an denen Roland Musolff mitgewirkt hat, haben etliche Auszeichnungen gewonnen, darunter &#8220;Preis der deutschen Filmkritik&#8221;, &#8220;Grimme-Preis 2018&#8221;, zwei weitere Grimme-Preis-Nominierungen, &#8220;Emmi Awards Semi-Final-Winner&#8221;, &#8220;Docutah Raven&#8221;,&#8221;Focal International Award&#8221;, &#8220;New York Festivals Gold Medal&#8221;, &#8220;SondrioFestival Audience Jury Award&#8221;, &#8220;Premio Euro Doc&#8221;.<\/p>\n","protected":false},"excerpt":{"rendered":"<p>Roland Musolff, geb. 1955, studierte Germanistik und Musikwissenschaft, bevor er viele Jahre als Editor, Tonmeister und Komponist in der Hamburger Dokumentarfilm- und Fernsehszene aktiv war und schlie\u00dflich 1997 sein eigenes Postproduktionsstudio gr\u00fcndete. Seit damals hat er \u00fcber 250 Dokumentarfilme und Fernsehdokumentationen von Schnitt bis Mischung fertiggestellt und f\u00fcr viele Filme den Soundtrack komponiert. Filme, an [&hellip;]<\/p>\n","protected":false},"author":3,"featured_media":287,"parent":0,"menu_order":0,"comment_status":"open","ping_status":"open","template":"temp_homepage.php","meta":{"footnotes":""},"class_list":["post-592","page","type-page","status-publish","has-post-thumbnail","hentry"],"acf":[],"aioseo_notices":[],"_links":{"self":[{"href":"https:\/\/www.studiomusolff.de\/en\/wp-json\/wp\/v2\/pages\/592","targetHints":{"allow":["GET"]}}],"collection":[{"href":"https:\/\/www.studiomusolff.de\/en\/wp-json\/wp\/v2\/pages"}],"about":[{"href":"https:\/\/www.studiomusolff.de\/en\/wp-json\/wp\/v2\/types\/page"}],"author":[{"embeddable":true,"href":"https:\/\/www.studiomusolff.de\/en\/wp-json\/wp\/v2\/users\/3"}],"replies":[{"embeddable":true,"href":"https:\/\/www.studiomusolff.de\/en\/wp-json\/wp\/v2\/comments?post=592"}],"version-history":[{"count":9,"href":"https:\/\/www.studiomusolff.de\/en\/wp-json\/wp\/v2\/pages\/592\/revisions"}],"predecessor-version":[{"id":973,"href":"https:\/\/www.studiomusolff.de\/en\/wp-json\/wp\/v2\/pages\/592\/revisions\/973"}],"wp:featuredmedia":[{"embeddable":true,"href":"https:\/\/www.studiomusolff.de\/en\/wp-json\/wp\/v2\/media\/287"}],"wp:attachment":[{"href":"https:\/\/www.studiomusolff.de\/en\/wp-json\/wp\/v2\/media?parent=592"}],"curies":[{"name":"wp","href":"https:\/\/api.w.org\/{rel}","templated":true}]}}